{"id":424,"date":"2025-06-07T17:01:49","date_gmt":"2025-06-07T15:01:49","guid":{"rendered":"https:\/\/hlt-winterthur.ch\/?page_id=424"},"modified":"2025-06-07T17:01:49","modified_gmt":"2025-06-07T15:01:49","slug":"sport-am-donnerstag","status":"publish","type":"page","link":"https:\/\/hlt-winterthur.ch\/?page_id=424","title":{"rendered":"Sport am Donnerstag"},"content":{"rendered":"\n<figure class=\"wp-block-image alignwide size-large\"><img loading=\"lazy\" decoding=\"async\" width=\"2560\" height=\"1439\" src=\"https:\/\/hlt-winterthur.ch\/wp-content\/uploads\/2025\/02\/astrid-schaffner-DxJP4uuzTZM-unsplash-edited-scaled.jpg\" alt=\"\" class=\"wp-image-664\" srcset=\"https:\/\/hlt-winterthur.ch\/wp-content\/uploads\/2025\/02\/astrid-schaffner-DxJP4uuzTZM-unsplash-edited-scaled.jpg 2560w, https:\/\/hlt-winterthur.ch\/wp-content\/uploads\/2025\/02\/astrid-schaffner-DxJP4uuzTZM-unsplash-edited-300x169.jpg 300w, https:\/\/hlt-winterthur.ch\/wp-content\/uploads\/2025\/02\/astrid-schaffner-DxJP4uuzTZM-unsplash-edited-1024x576.jpg 1024w, https:\/\/hlt-winterthur.ch\/wp-content\/uploads\/2025\/02\/astrid-schaffner-DxJP4uuzTZM-unsplash-edited-768x432.jpg 768w, https:\/\/hlt-winterthur.ch\/wp-content\/uploads\/2025\/02\/astrid-schaffner-DxJP4uuzTZM-unsplash-edited-1536x864.jpg 1536w, https:\/\/hlt-winterthur.ch\/wp-content\/uploads\/2025\/02\/astrid-schaffner-DxJP4uuzTZM-unsplash-edited-2048x1152.jpg 2048w, https:\/\/hlt-winterthur.ch\/wp-content\/uploads\/2025\/02\/astrid-schaffner-DxJP4uuzTZM-unsplash-edited-1568x882.jpg 1568w\" sizes=\"auto, (max-width: 2560px) 100vw, 2560px\" \/><\/figure>\n\n\n\n<h2 class=\"wp-block-heading\">Sport am Donnerstag<\/h2>\n\n\n\n<p>Jeden Donnerstagabend bieten wir in der Sporthalle der Berufsschule Winterthur eine offene Sportstunde an \u2013 eine Gelegenheit f\u00fcr Jugendliche und Erwachsene, gemeinsam aktiv zu sein. Im Mittelpunkt stehen vor allem Fu\u00dfball, Unihockey und Volleyball, doch auch f\u00fcr andere Sportarten und Ideen sind wir offen! Ob sportliche Herausforderung oder einfach Freude an der Bewegung, bei uns sind alle herzlich willkommen. Kommen Sie vorbei, lernen Sie neue Menschen kennen und erleben Sie Gemeinschaft durch Sport!<\/p>\n\n\n\n<p><a href=\"https:\/\/www.openstreetmap.org\/way\/22456432#map=19\/47.496651\/8.734142\">Sporthalle Berufsschule Winterthur<br>T\u00f6sstalstrasse 26, 8400 Winterthur<\/a><br>Jeweils donnerstags ab 20:00 Uhr<\/p>\n\n\n\n<div class=\"wp-block-columns alignwide is-layout-flex wp-container-core-columns-is-layout-9d6595d7 wp-block-columns-is-layout-flex\">\n<div class=\"wp-block-column is-layout-flow wp-block-column-is-layout-flow\"><ul class=\"wp-block-latest-posts__list is-grid columns-3 has-dates has-author alignwide is-style-default wp-block-latest-posts\"><\/ul><\/div>\n<\/div>\n\n\n\n<div class=\"wp-block-columns is-layout-flex wp-container-core-columns-is-layout-9d6595d7 wp-block-columns-is-layout-flex\">\n<div class=\"wp-block-column is-vertically-aligned-stretch is-layout-flow wp-block-column-is-layout-flow\">\n<p>Hallo, ich bin Remo und leite den Sport am Donnerstag. Wenn du Fragen hast oder bei  mitmachen m\u00f6chtest, schreib mir einfach. Ich freue mich auf deine Nachricht! <br><a href=\"mailto:info@hlt-winterthur.ch\">info@hlt-winterthur.ch<\/a><\/p>\n<\/div>\n\n\n\n<div class=\"wp-block-column is-vertically-aligned-center is-layout-flow wp-block-column-is-layout-flow\"><div class=\"wp-block-image is-style-rounded\">\n<figure class=\"alignright size-large is-resized\"><img loading=\"lazy\" decoding=\"async\" width=\"1024\" height=\"1024\" src=\"https:\/\/hlt-winterthur.ch\/wp-content\/uploads\/2025\/01\/Platzhalter-Foto-1024x1024.png\" alt=\"\" class=\"wp-image-477\" style=\"object-fit:cover;width:217px;height:auto\" srcset=\"https:\/\/hlt-winterthur.ch\/wp-content\/uploads\/2025\/01\/Platzhalter-Foto-1024x1024.png 1024w, https:\/\/hlt-winterthur.ch\/wp-content\/uploads\/2025\/01\/Platzhalter-Foto-300x300.png 300w, https:\/\/hlt-winterthur.ch\/wp-content\/uploads\/2025\/01\/Platzhalter-Foto-150x150.png 150w, https:\/\/hlt-winterthur.ch\/wp-content\/uploads\/2025\/01\/Platzhalter-Foto-768x768.png 768w, https:\/\/hlt-winterthur.ch\/wp-content\/uploads\/2025\/01\/Platzhalter-Foto-1536x1536.png 1536w, https:\/\/hlt-winterthur.ch\/wp-content\/uploads\/2025\/01\/Platzhalter-Foto-2048x2048.png 2048w, https:\/\/hlt-winterthur.ch\/wp-content\/uploads\/2025\/01\/Platzhalter-Foto-1568x1568.png 1568w\" sizes=\"auto, (max-width: 1024px) 100vw, 1024px\" \/><\/figure>\n<\/div><\/div>\n<\/div>\n","protected":false},"excerpt":{"rendered":"<p>Sport am Donnerstag Jeden Donnerstagabend bieten wir in der Sporthalle der Berufsschule Winterthur eine offene Sportstunde an \u2013 eine Gelegenheit f\u00fcr Jugendliche und Erwachsene, gemeinsam aktiv zu sein. Im Mittelpunkt stehen vor allem Fu\u00dfball, Unihockey und Volleyball, doch auch f\u00fcr andere Sportarten und Ideen sind wir offen! Ob sportliche Herausforderung oder einfach Freude an der&hellip; <a class=\"more-link\" href=\"https:\/\/hlt-winterthur.ch\/?page_id=424\">Continue reading <span class=\"screen-reader-text\">Sport am Donnerstag<\/span><\/a><\/p>\n","protected":false},"author":1,"featured_media":0,"parent":0,"menu_order":0,"comment_status":"closed","ping_status":"closed","template":"","meta":{"footnotes":""},"class_list":["post-424","page","type-page","status-publish","hentry","entry"],"_links":{"self":[{"href":"https:\/\/hlt-winterthur.ch\/index.php?rest_route=\/wp\/v2\/pages\/424","targetHints":{"allow":["GET"]}}],"collection":[{"href":"https:\/\/hlt-winterthur.ch\/index.php?rest_route=\/wp\/v2\/pages"}],"about":[{"href":"https:\/\/hlt-winterthur.ch\/index.php?rest_route=\/wp\/v2\/types\/page"}],"author":[{"embeddable":true,"href":"https:\/\/hlt-winterthur.ch\/index.php?rest_route=\/wp\/v2\/users\/1"}],"replies":[{"embeddable":true,"href":"https:\/\/hlt-winterthur.ch\/index.php?rest_route=%2Fwp%2Fv2%2Fcomments&post=424"}],"version-history":[{"count":10,"href":"https:\/\/hlt-winterthur.ch\/index.php?rest_route=\/wp\/v2\/pages\/424\/revisions"}],"predecessor-version":[{"id":665,"href":"https:\/\/hlt-winterthur.ch\/index.php?rest_route=\/wp\/v2\/pages\/424\/revisions\/665"}],"wp:attachment":[{"href":"https:\/\/hlt-winterthur.ch\/index.php?rest_route=%2Fwp%2Fv2%2Fmedia&parent=424"}],"curies":[{"name":"wp","href":"https:\/\/api.w.org\/{rel}","templated":true}]}}