{"id":46,"date":"2025-06-07T17:01:49","date_gmt":"2025-06-07T15:01:49","guid":{"rendered":"https:\/\/hlt-winterthur.ch\/?page_id=46"},"modified":"2025-06-12T17:17:38","modified_gmt":"2025-06-12T15:17:38","slug":"startseite","status":"publish","type":"page","link":"https:\/\/hlt-winterthur.ch\/","title":{"rendered":"Startseite"},"content":{"rendered":"\n<div class=\"wp-block-columns alignfull are-vertically-aligned-center is-layout-flex wp-container-core-columns-is-layout-9d6595d7 wp-block-columns-is-layout-flex\">\n<div class=\"wp-block-column is-vertically-aligned-center is-layout-flow wp-block-column-is-layout-flow\" style=\"padding-top:0;padding-bottom:0\">\n<div class=\"alignnormal\"><div id=\"metaslider-id-487\" style=\"width: 100%;\" class=\"ml-slider-3-106-0 metaslider metaslider-flex metaslider-487 ml-slider hide-arrows-smartphone hide-arrows-tablet hide-arrows-laptop hide-arrows-desktop ms-theme-default-base nav-hidden\" role=\"region\" aria-label=\"Startseite\" data-height=\"400\" data-width=\"1000\">\n    <div id=\"metaslider_container_487\">\n        <div id=\"metaslider_487\">\n            <ul class='slides'>\n                <li style=\"display: block; width: 100%;\" class=\"slide-706 ms-image \" aria-roledescription=\"slide\" data-date=\"2025-03-18 19:13:11\" data-filename=\"20250609_192419-scaled-1000x400.jpg\" data-slide-type=\"image\"><img loading=\"lazy\" decoding=\"async\" src=\"https:\/\/hlt-winterthur.ch\/wp-content\/uploads\/2025\/06\/20250609_192419-scaled-1000x400.jpg\" height=\"400\" width=\"1000\" alt=\"\" class=\"slider-487 slide-706 msDefaultImage\" title=\"20250609_192419\" \/><\/li>\n                <li style=\"display: none; width: 100%;\" class=\"slide-707 ms-image \" aria-roledescription=\"slide\" data-date=\"2025-03-18 19:13:12\" data-filename=\"20250609_192320-scaled-1000x400.jpg\" data-slide-type=\"image\"><img loading=\"lazy\" decoding=\"async\" src=\"https:\/\/hlt-winterthur.ch\/wp-content\/uploads\/2025\/06\/20250609_192320-scaled-1000x400.jpg\" height=\"400\" width=\"1000\" alt=\"\" class=\"slider-487 slide-707 msDefaultImage\" title=\"20250609_192320\" \/><\/li>\n                <li style=\"display: none; width: 100%;\" class=\"slide-701 ms-image \" aria-roledescription=\"slide\" data-date=\"2025-03-18 19:13:11\" data-filename=\"20250609_212336-scaled-1000x400.jpg\" data-slide-type=\"image\"><img loading=\"lazy\" decoding=\"async\" src=\"https:\/\/hlt-winterthur.ch\/wp-content\/uploads\/2025\/06\/20250609_212336-scaled-1000x400.jpg\" height=\"400\" width=\"1000\" alt=\"\" class=\"slider-487 slide-701 msDefaultImage\" title=\"20250609_212336\" \/><\/li>\n                <li style=\"display: none; width: 100%;\" class=\"slide-700 ms-image \" aria-roledescription=\"slide\" data-date=\"2025-03-18 19:13:11\" data-filename=\"20250609_192509-scaled-1000x400.jpg\" data-slide-type=\"image\"><img loading=\"lazy\" decoding=\"async\" src=\"https:\/\/hlt-winterthur.ch\/wp-content\/uploads\/2025\/06\/20250609_192509-scaled-1000x400.jpg\" height=\"400\" width=\"1000\" alt=\"\" class=\"slider-487 slide-700 msDefaultImage\" title=\"20250609_192509\" \/><\/li>\n                <li style=\"display: none; width: 100%;\" class=\"slide-703 ms-image \" aria-roledescription=\"slide\" data-date=\"2025-03-18 19:13:11\" data-filename=\"20250609_193333-scaled-1000x400.jpg\" data-slide-type=\"image\"><img loading=\"lazy\" decoding=\"async\" src=\"https:\/\/hlt-winterthur.ch\/wp-content\/uploads\/2025\/06\/20250609_193333-scaled-1000x400.jpg\" height=\"400\" width=\"1000\" alt=\"\" class=\"slider-487 slide-703 msDefaultImage\" title=\"20250609_193333\" \/><\/li>\n                <li style=\"display: none; width: 100%;\" class=\"slide-705 ms-image \" aria-roledescription=\"slide\" data-date=\"2025-03-18 19:13:11\" data-filename=\"20250609_192138-scaled-1000x400.jpg\" data-slide-type=\"image\"><img loading=\"lazy\" decoding=\"async\" src=\"https:\/\/hlt-winterthur.ch\/wp-content\/uploads\/2025\/06\/20250609_192138-scaled-1000x400.jpg\" height=\"400\" width=\"1000\" alt=\"\" class=\"slider-487 slide-705 msDefaultImage\" title=\"20250609_192138\" \/><\/li>\n                <li style=\"display: none; width: 100%;\" class=\"slide-702 ms-image \" aria-roledescription=\"slide\" data-date=\"2025-03-18 19:13:11\" data-filename=\"20250609_212359-scaled-1000x400.jpg\" data-slide-type=\"image\"><img loading=\"lazy\" decoding=\"async\" src=\"https:\/\/hlt-winterthur.ch\/wp-content\/uploads\/2025\/06\/20250609_212359-scaled-1000x400.jpg\" height=\"400\" width=\"1000\" alt=\"\" class=\"slider-487 slide-702 msDefaultImage\" title=\"20250609_212359\" \/><\/li>\n                <li style=\"display: none; width: 100%;\" class=\"slide-704 ms-image \" aria-roledescription=\"slide\" data-date=\"2025-03-18 19:13:11\" data-filename=\"20250609_212255-scaled-1000x400.jpg\" data-slide-type=\"image\"><img loading=\"lazy\" decoding=\"async\" src=\"https:\/\/hlt-winterthur.ch\/wp-content\/uploads\/2025\/06\/20250609_212255-scaled-1000x400.jpg\" height=\"400\" width=\"1000\" alt=\"\" class=\"slider-487 slide-704 msDefaultImage\" title=\"20250609_212255\" \/><\/li>\n            <\/ul>\n        <\/div>\n        \n    <\/div>\n<\/div><\/div>\n<\/div>\n<\/div>\n\n\n\n<div class=\"wp-block-columns alignwide are-vertically-aligned-top is-layout-flex wp-container-core-columns-is-layout-9d6595d7 wp-block-columns-is-layout-flex\">\n<div class=\"wp-block-column is-vertically-aligned-top is-layout-flow wp-block-column-is-layout-flow\">\n<p class=\"has-text-align-center\" style=\"font-style:normal;font-weight:500\">Die&nbsp;Kirche Jesu Christi der Heiligen der Letzten Tage in Winterthur&nbsp;ist ein lebendiger Ort der Gemeinschaft und des Glaubens. Mit einem klaren Fokus auf christliche Werte bieten wir inspirierende Gottesdienste, vielf\u00e4ltige Aktivit\u00e4ten und Unterst\u00fctzung in allen Lebenslagen. Unsere Programme f\u00fcr Familien, Jugendliche und Einzelpersonen f\u00f6rdern geistiges Wachstum, soziales Engagement und ein Leben im Dienst am N\u00e4chsten \u2013 ein Beitrag zu einer starken und liebevollen Gesellschaft.<\/p>\n<\/div>\n<\/div>\n\n\n\n<div class=\"wp-block-columns alignwide is-layout-flex wp-container-core-columns-is-layout-9d6595d7 wp-block-columns-is-layout-flex\">\n<div class=\"wp-block-column is-layout-flow wp-block-column-is-layout-flow\"><div class=\"r34ics-ajax-container loading\" id=\"r69d0802a3c0f4ee\" data-view=\"list\" data-view-is-list-style=\"1\" data-view-is-list-long=\"1\" data-args=\"79aaa1d916e7ae77c75e59e11a2717ab11206002\" data-js-args=\"{&quot;debug&quot;:null}\">&nbsp;<\/div>\n<\/div>\n\n\n\n<div class=\"wp-block-column is-layout-flow wp-block-column-is-layout-flow\"><div class=\"r34ics-ajax-container loading\" id=\"r69d0802a3de7329\" data-view=\"list\" data-view-is-list-style=\"1\" data-view-is-list-long=\"1\" data-args=\"60bb88b62e3efb0a79b3926fe15dff6e53584915\" data-js-args=\"{&quot;debug&quot;:null}\">&nbsp;<\/div>\n<\/div>\n\n\n\n<div class=\"wp-block-column is-layout-flow wp-block-column-is-layout-flow\"><div class=\"r34ics-ajax-container loading\" id=\"r69d0802a3ed551c\" data-view=\"list\" data-view-is-list-style=\"1\" data-view-is-list-long=\"1\" data-args=\"c9db25c151731c26a8a778184f08bae72186b2c9\" data-js-args=\"{&quot;debug&quot;:null}\">&nbsp;<\/div>\n<\/div>\n<\/div>\n\n\n\n<div class=\"wp-block-cover alignwide is-light is-style-twentytwentyone-border has-black-color has-text-color\" style=\"padding-top:0;padding-right:var(--wp--preset--spacing--40);padding-bottom:0;padding-left:var(--wp--preset--spacing--40);min-height:147px;aspect-ratio:unset;\"><span aria-hidden=\"true\" class=\"wp-block-cover__background has-white-background-color has-background-dim-100 has-background-dim\"><\/span><div class=\"wp-block-cover__inner-container is-layout-flow wp-block-cover-is-layout-flow\">\n<div class=\"wp-block-columns alignwide is-layout-flex wp-container-core-columns-is-layout-9d6595d7 wp-block-columns-is-layout-flex\">\n<div class=\"wp-block-column is-layout-flow wp-block-column-is-layout-flow\" style=\"flex-basis:45%\">\n<p class=\"has-black-color has-text-color has-link-color wp-elements-4e1d2ed22da2d8d043dc7a8651ec55f7\">Adresse Gemeindehaus:<\/p>\n\n\n\n<p class=\"has-black-color has-text-color\"><a href=\"https:\/\/de.kirchejesuchristi.org\" target=\"_blank\" rel=\"noreferrer noopener\">Hauptseite Kirche<\/a><br><a href=\"https:\/\/pfahlstgallen.ch\" target=\"_blank\" rel=\"noreferrer noopener\">Pfahl St. Gallen<\/a><br><a href=\"https:\/\/www.kommzuchristus.org\" target=\"_blank\" rel=\"noreferrer noopener\">Komm zu Christus<\/a><\/p>\n<\/div>\n\n\n\n<div class=\"wp-block-column is-layout-flow wp-block-column-is-layout-flow\" style=\"flex-basis:55%\">\n<p class=\"has-text-align-left has-black-color has-text-color has-link-color wp-elements-f943fb5e12fbb405f262ef97e9fe23a4\"><a href=\"https:\/\/www.openstreetmap.org\/search?query=T\u00f6sstalstrasse%20215%2C%208405%20Winterthur#map=19\/47.48683\/8.75596\">T\u00f6sstalstrasse 215, 8405 Winterthur<\/a><\/p>\n\n\n\n<p class=\"has-black-color has-text-color has-link-color wp-elements-ef6fbcde083ec323f1ae3b332acb1fcf\">Versammlungszeiten Sonntag<br>09:30 &#8211; 10:30 Uhr Abendmahlsversammlung<br>10:40 &#8211; 11:30 Uhr Klassenzeit<\/p>\n<\/div>\n<\/div>\n<\/div><\/div>\n\n\n\n<p><\/p>\n","protected":false},"excerpt":{"rendered":"<p>Die&nbsp;Kirche Jesu Christi der Heiligen der Letzten Tage in Winterthur&nbsp;ist ein lebendiger Ort der Gemeinschaft und des Glaubens. Mit einem klaren Fokus auf christliche Werte bieten wir inspirierende Gottesdienste, vielf\u00e4ltige Aktivit\u00e4ten und Unterst\u00fctzung in allen Lebenslagen. Unsere Programme f\u00fcr Familien, Jugendliche und Einzelpersonen f\u00f6rdern geistiges Wachstum, soziales Engagement und ein Leben im Dienst am N\u00e4chsten&hellip; <a class=\"more-link\" href=\"https:\/\/hlt-winterthur.ch\/\">Continue reading <span class=\"screen-reader-text\">Startseite<\/span><\/a><\/p>\n","protected":false},"author":1,"featured_media":0,"parent":0,"menu_order":0,"comment_status":"closed","ping_status":"closed","template":"","meta":{"footnotes":""},"class_list":["post-46","page","type-page","status-publish","hentry","entry"],"_links":{"self":[{"href":"https:\/\/hlt-winterthur.ch\/index.php?rest_route=\/wp\/v2\/pages\/46","targetHints":{"allow":["GET"]}}],"collection":[{"href":"https:\/\/hlt-winterthur.ch\/index.php?rest_route=\/wp\/v2\/pages"}],"about":[{"href":"https:\/\/hlt-winterthur.ch\/index.php?rest_route=\/wp\/v2\/types\/page"}],"author":[{"embeddable":true,"href":"https:\/\/hlt-winterthur.ch\/index.php?rest_route=\/wp\/v2\/users\/1"}],"replies":[{"embeddable":true,"href":"https:\/\/hlt-winterthur.ch\/index.php?rest_route=%2Fwp%2Fv2%2Fcomments&post=46"}],"version-history":[{"count":122,"href":"https:\/\/hlt-winterthur.ch\/index.php?rest_route=\/wp\/v2\/pages\/46\/revisions"}],"predecessor-version":[{"id":743,"href":"https:\/\/hlt-winterthur.ch\/index.php?rest_route=\/wp\/v2\/pages\/46\/revisions\/743"}],"wp:attachment":[{"href":"https:\/\/hlt-winterthur.ch\/index.php?rest_route=%2Fwp%2Fv2%2Fmedia&parent=46"}],"curies":[{"name":"wp","href":"https:\/\/api.w.org\/{rel}","templated":true}]}}