{"id":77,"date":"2025-06-07T17:01:49","date_gmt":"2025-06-07T15:01:49","guid":{"rendered":"https:\/\/hlt-winterthur.ch\/?page_id=77"},"modified":"2025-06-07T17:01:49","modified_gmt":"2025-06-07T15:01:49","slug":"bischofschaft","status":"publish","type":"page","link":"https:\/\/hlt-winterthur.ch\/?page_id=77","title":{"rendered":"Bischofschaft"},"content":{"rendered":"\n<h2 class=\"wp-block-heading\">Bischofschaft<\/h2>\n\n\n\n<p>Hallo und willkommen!<\/p>\n\n\n\n<p>Wir, die Bischofschaft der Gemeinde Winterthur, freuen uns auf dich und deinen Besuch. Seit 2021 sind wir ehrenamtlich f\u00fcr die Mitglieder der Gemeinde und f\u00fcr Freunde unserer Glaubensgemeinschaft da. Zusammen mit den weiteren F\u00fchrungskr\u00e4ften und vielen Helferinnen und Helfern sorgen wir daf\u00fcr, dass sich jede und jeder willkommen f\u00fchlt &#8211; ganz egal, woran man glaubt, woher man kommt, was man spricht und wer man ist.<\/p>\n\n\n\n<p>Der Glaube an den Herrn Jesus Christus steht bei uns im Vordergrund. Ihm nachzufolgen und die Liebe zu allen Menschen vorzuleben, ist unser inniger Wunsch. Dadurch versp\u00fcren und verspr\u00fchen wir Freude. Wenn du mehr \u00fcber uns erfahren m\u00f6chtest, antworten wir gerne deine Fragen. <\/p>\n\n\n\n<p>Auf bald.<\/p>\n\n\n\n<div class=\"wp-block-columns alignwide is-layout-flex wp-container-core-columns-is-layout-9d6595d7 wp-block-columns-is-layout-flex\">\n<div class=\"wp-block-column is-layout-flow wp-block-column-is-layout-flow\">\n<figure class=\"wp-block-image size-large\"><img loading=\"lazy\" decoding=\"async\" width=\"1024\" height=\"683\" src=\"https:\/\/hlt-winterthur.ch\/wp-content\/uploads\/2024\/10\/DSC03851-1024x683.jpg\" alt=\"\" class=\"wp-image-428\" style=\"aspect-ratio:3\/2;object-fit:cover\" srcset=\"https:\/\/hlt-winterthur.ch\/wp-content\/uploads\/2024\/10\/DSC03851-1024x683.jpg 1024w, https:\/\/hlt-winterthur.ch\/wp-content\/uploads\/2024\/10\/DSC03851-300x200.jpg 300w, https:\/\/hlt-winterthur.ch\/wp-content\/uploads\/2024\/10\/DSC03851-768x512.jpg 768w, https:\/\/hlt-winterthur.ch\/wp-content\/uploads\/2024\/10\/DSC03851-1536x1024.jpg 1536w, https:\/\/hlt-winterthur.ch\/wp-content\/uploads\/2024\/10\/DSC03851-2048x1365.jpg 2048w, https:\/\/hlt-winterthur.ch\/wp-content\/uploads\/2024\/10\/DSC03851-1568x1045.jpg 1568w\" sizes=\"auto, (max-width: 1024px) 100vw, 1024px\" \/><\/figure>\n<\/div>\n\n\n\n<div class=\"wp-block-column is-layout-flow wp-block-column-is-layout-flow\">\n<figure class=\"wp-block-image size-large\"><img loading=\"lazy\" decoding=\"async\" width=\"1024\" height=\"683\" src=\"https:\/\/hlt-winterthur.ch\/wp-content\/uploads\/2024\/10\/DSC03810-1024x683.jpg\" alt=\"\" class=\"wp-image-414\" style=\"aspect-ratio:3\/2;object-fit:cover\" srcset=\"https:\/\/hlt-winterthur.ch\/wp-content\/uploads\/2024\/10\/DSC03810-1024x683.jpg 1024w, https:\/\/hlt-winterthur.ch\/wp-content\/uploads\/2024\/10\/DSC03810-300x200.jpg 300w, https:\/\/hlt-winterthur.ch\/wp-content\/uploads\/2024\/10\/DSC03810-768x512.jpg 768w, https:\/\/hlt-winterthur.ch\/wp-content\/uploads\/2024\/10\/DSC03810-1536x1024.jpg 1536w, https:\/\/hlt-winterthur.ch\/wp-content\/uploads\/2024\/10\/DSC03810-2048x1365.jpg 2048w, https:\/\/hlt-winterthur.ch\/wp-content\/uploads\/2024\/10\/DSC03810-1568x1045.jpg 1568w\" sizes=\"auto, (max-width: 1024px) 100vw, 1024px\" \/><\/figure>\n<\/div>\n\n\n\n<div class=\"wp-block-column is-layout-flow wp-block-column-is-layout-flow\">\n<figure class=\"wp-block-image size-large is-style-default\"><img loading=\"lazy\" decoding=\"async\" width=\"1024\" height=\"1024\" src=\"https:\/\/hlt-winterthur.ch\/wp-content\/uploads\/2025\/01\/Platzhalter-Foto-1024x1024.png\" alt=\"\" class=\"wp-image-477\" style=\"aspect-ratio:3\/2;object-fit:contain\" srcset=\"https:\/\/hlt-winterthur.ch\/wp-content\/uploads\/2025\/01\/Platzhalter-Foto-1024x1024.png 1024w, https:\/\/hlt-winterthur.ch\/wp-content\/uploads\/2025\/01\/Platzhalter-Foto-300x300.png 300w, https:\/\/hlt-winterthur.ch\/wp-content\/uploads\/2025\/01\/Platzhalter-Foto-150x150.png 150w, https:\/\/hlt-winterthur.ch\/wp-content\/uploads\/2025\/01\/Platzhalter-Foto-768x768.png 768w, https:\/\/hlt-winterthur.ch\/wp-content\/uploads\/2025\/01\/Platzhalter-Foto-1536x1536.png 1536w, https:\/\/hlt-winterthur.ch\/wp-content\/uploads\/2025\/01\/Platzhalter-Foto-2048x2048.png 2048w, https:\/\/hlt-winterthur.ch\/wp-content\/uploads\/2025\/01\/Platzhalter-Foto-1568x1568.png 1568w\" sizes=\"auto, (max-width: 1024px) 100vw, 1024px\" \/><\/figure>\n<\/div>\n<\/div>\n\n\n\n<div class=\"wp-block-columns alignwide is-layout-flex wp-container-core-columns-is-layout-9d6595d7 wp-block-columns-is-layout-flex\">\n<div class=\"wp-block-column is-layout-flow wp-block-column-is-layout-flow\">\n<p class=\"has-text-align-center\">Michael<br>(1. Ratgeber)<\/p>\n<\/div>\n\n\n\n<div class=\"wp-block-column is-layout-flow wp-block-column-is-layout-flow\">\n<p class=\"has-text-align-center\">Mathieu<br>(Bischof)<\/p>\n<\/div>\n\n\n\n<div class=\"wp-block-column is-layout-flow wp-block-column-is-layout-flow\">\n<p class=\"has-text-align-center\">Jakob<br>(2. Ratgeber)<\/p>\n<\/div>\n<\/div>\n\n\n\n<p><\/p>\n","protected":false},"excerpt":{"rendered":"<p>Bischofschaft Hallo und willkommen! Wir, die Bischofschaft der Gemeinde Winterthur, freuen uns auf dich und deinen Besuch. Seit 2021 sind wir ehrenamtlich f\u00fcr die Mitglieder der Gemeinde und f\u00fcr Freunde unserer Glaubensgemeinschaft da. Zusammen mit den weiteren F\u00fchrungskr\u00e4ften und vielen Helferinnen und Helfern sorgen wir daf\u00fcr, dass sich jede und jeder willkommen f\u00fchlt &#8211; ganz&hellip; <a class=\"more-link\" href=\"https:\/\/hlt-winterthur.ch\/?page_id=77\">Continue reading <span class=\"screen-reader-text\">Bischofschaft<\/span><\/a><\/p>\n","protected":false},"author":1,"featured_media":0,"parent":0,"menu_order":0,"comment_status":"closed","ping_status":"closed","template":"","meta":{"footnotes":""},"class_list":["post-77","page","type-page","status-publish","hentry","entry"],"_links":{"self":[{"href":"https:\/\/hlt-winterthur.ch\/index.php?rest_route=\/wp\/v2\/pages\/77","targetHints":{"allow":["GET"]}}],"collection":[{"href":"https:\/\/hlt-winterthur.ch\/index.php?rest_route=\/wp\/v2\/pages"}],"about":[{"href":"https:\/\/hlt-winterthur.ch\/index.php?rest_route=\/wp\/v2\/types\/page"}],"author":[{"embeddable":true,"href":"https:\/\/hlt-winterthur.ch\/index.php?rest_route=\/wp\/v2\/users\/1"}],"replies":[{"embeddable":true,"href":"https:\/\/hlt-winterthur.ch\/index.php?rest_route=%2Fwp%2Fv2%2Fcomments&post=77"}],"version-history":[{"count":16,"href":"https:\/\/hlt-winterthur.ch\/index.php?rest_route=\/wp\/v2\/pages\/77\/revisions"}],"predecessor-version":[{"id":687,"href":"https:\/\/hlt-winterthur.ch\/index.php?rest_route=\/wp\/v2\/pages\/77\/revisions\/687"}],"wp:attachment":[{"href":"https:\/\/hlt-winterthur.ch\/index.php?rest_route=%2Fwp%2Fv2%2Fmedia&parent=77"}],"curies":[{"name":"wp","href":"https:\/\/api.w.org\/{rel}","templated":true}]}}