{"id":82,"date":"2025-06-07T17:01:49","date_gmt":"2025-06-07T15:01:49","guid":{"rendered":"https:\/\/hlt-winterthur.ch\/?page_id=82"},"modified":"2025-06-07T17:01:49","modified_gmt":"2025-06-07T15:01:49","slug":"__trashed","status":"publish","type":"page","link":"https:\/\/hlt-winterthur.ch\/?page_id=82","title":{"rendered":"\u00c4ltestenkollegium"},"content":{"rendered":"\n<figure class=\"wp-block-image alignwide size-full\"><img loading=\"lazy\" decoding=\"async\" width=\"640\" height=\"360\" src=\"https:\/\/hlt-winterthur.ch\/wp-content\/uploads\/2023\/10\/liahona_magazine_men_in_room_discuss_in_council.webp\" alt=\"\" class=\"wp-image-115\" srcset=\"https:\/\/hlt-winterthur.ch\/wp-content\/uploads\/2023\/10\/liahona_magazine_men_in_room_discuss_in_council.webp 640w, https:\/\/hlt-winterthur.ch\/wp-content\/uploads\/2023\/10\/liahona_magazine_men_in_room_discuss_in_council-300x169.webp 300w\" sizes=\"auto, (max-width: 640px) 100vw, 640px\" \/><\/figure>\n\n\n\n<h2 class=\"wp-block-heading\">\u00c4ltestenkollegium<\/h2>\n\n\n\n<p>Das \u00c4ltestenkollegium als eine der zentralen Organisationen der Kirche,&nbsp;f\u00f6rdert den Glauben an Jesus Christus.&nbsp;M\u00e4nner ab 18 Jahren k\u00f6nnen ins \u00c4ltestenkollegium aufgenommen werden.<br>Durch Gemeinschaft und gegenseitige Hilfe unterst\u00fctzten diese Br\u00fcder einander in Ihren Verantwortlichkeiten als V\u00e4ter, Ehem\u00e4nner und aktive Mitglieder der Gesellschaft.&nbsp;Das Priestertum, als die von Gott \u00fcbertragene Autorit\u00e4t und Kraft, hilft den Br\u00fcder bei ihrem Dienst in der kirchlichen Gemeinschaft.<\/p>\n\n\n\n<div class=\"wp-block-columns is-layout-flex wp-container-core-columns-is-layout-9d6595d7 wp-block-columns-is-layout-flex\">\n<div class=\"wp-block-column is-style-twentytwentyone-latest-posts-dividers is-layout-flow wp-block-column-is-layout-flow\"><ul style=\"padding-top:0;padding-bottom:0;padding-left:0;padding-right:0;\" class=\"wp-block-latest-posts__list is-grid columns-3 has-dates has-author alignwide is-style-default wp-block-latest-posts\"><\/ul><\/div>\n<\/div>\n\n\n\n<div class=\"wp-block-group\"><div class=\"wp-block-group__inner-container is-layout-constrained wp-block-group-is-layout-constrained\">\n<div class=\"wp-block-columns is-layout-flex wp-container-core-columns-is-layout-9d6595d7 wp-block-columns-is-layout-flex\">\n<div class=\"wp-block-column is-vertically-aligned-stretch is-layout-flow wp-block-column-is-layout-flow\">\n<p>Hallo, ich bin Joel und leite das \u00c4ltestenkollegium. Wenn du Fragen hast oder bei unseren Aktivit\u00e4ten mitmachen m\u00f6chtest, schreib mir einfach. Ich freue mich auf deine Nachricht! <br><a href=\"mailto:aek@hlt-winterthur.ch\">aek@hlt-winterthur.ch<\/a><\/p>\n<\/div>\n\n\n\n<div class=\"wp-block-column is-vertically-aligned-center is-layout-flow wp-block-column-is-layout-flow\"><div class=\"wp-block-image is-style-rounded\">\n<figure class=\"alignright size-large is-resized\"><img loading=\"lazy\" decoding=\"async\" width=\"1024\" height=\"683\" src=\"https:\/\/hlt-winterthur.ch\/wp-content\/uploads\/2024\/09\/DSC03884-1024x683.jpg\" alt=\"\" class=\"wp-image-392\" style=\"aspect-ratio:1;object-fit:cover;width:257px;height:auto\" srcset=\"https:\/\/hlt-winterthur.ch\/wp-content\/uploads\/2024\/09\/DSC03884-1024x683.jpg 1024w, https:\/\/hlt-winterthur.ch\/wp-content\/uploads\/2024\/09\/DSC03884-300x200.jpg 300w, https:\/\/hlt-winterthur.ch\/wp-content\/uploads\/2024\/09\/DSC03884-768x512.jpg 768w, https:\/\/hlt-winterthur.ch\/wp-content\/uploads\/2024\/09\/DSC03884-1536x1024.jpg 1536w, https:\/\/hlt-winterthur.ch\/wp-content\/uploads\/2024\/09\/DSC03884-2048x1365.jpg 2048w, https:\/\/hlt-winterthur.ch\/wp-content\/uploads\/2024\/09\/DSC03884-1568x1045.jpg 1568w\" sizes=\"auto, (max-width: 1024px) 100vw, 1024px\" \/><\/figure>\n<\/div><\/div>\n<\/div>\n<\/div><\/div>\n","protected":false},"excerpt":{"rendered":"<p>\u00c4ltestenkollegium Das \u00c4ltestenkollegium als eine der zentralen Organisationen der Kirche,&nbsp;f\u00f6rdert den Glauben an Jesus Christus.&nbsp;M\u00e4nner ab 18 Jahren k\u00f6nnen ins \u00c4ltestenkollegium aufgenommen werden.Durch Gemeinschaft und gegenseitige Hilfe unterst\u00fctzten diese Br\u00fcder einander in Ihren Verantwortlichkeiten als V\u00e4ter, Ehem\u00e4nner und aktive Mitglieder der Gesellschaft.&nbsp;Das Priestertum, als die von Gott \u00fcbertragene Autorit\u00e4t und Kraft, hilft den Br\u00fcder bei&hellip; <a class=\"more-link\" href=\"https:\/\/hlt-winterthur.ch\/?page_id=82\">Continue reading <span class=\"screen-reader-text\">\u00c4ltestenkollegium<\/span><\/a><\/p>\n","protected":false},"author":1,"featured_media":0,"parent":0,"menu_order":0,"comment_status":"closed","ping_status":"closed","template":"","meta":{"footnotes":""},"class_list":["post-82","page","type-page","status-publish","hentry","entry"],"_links":{"self":[{"href":"https:\/\/hlt-winterthur.ch\/index.php?rest_route=\/wp\/v2\/pages\/82","targetHints":{"allow":["GET"]}}],"collection":[{"href":"https:\/\/hlt-winterthur.ch\/index.php?rest_route=\/wp\/v2\/pages"}],"about":[{"href":"https:\/\/hlt-winterthur.ch\/index.php?rest_route=\/wp\/v2\/types\/page"}],"author":[{"embeddable":true,"href":"https:\/\/hlt-winterthur.ch\/index.php?rest_route=\/wp\/v2\/users\/1"}],"replies":[{"embeddable":true,"href":"https:\/\/hlt-winterthur.ch\/index.php?rest_route=%2Fwp%2Fv2%2Fcomments&post=82"}],"version-history":[{"count":33,"href":"https:\/\/hlt-winterthur.ch\/index.php?rest_route=\/wp\/v2\/pages\/82\/revisions"}],"predecessor-version":[{"id":657,"href":"https:\/\/hlt-winterthur.ch\/index.php?rest_route=\/wp\/v2\/pages\/82\/revisions\/657"}],"wp:attachment":[{"href":"https:\/\/hlt-winterthur.ch\/index.php?rest_route=%2Fwp%2Fv2%2Fmedia&parent=82"}],"curies":[{"name":"wp","href":"https:\/\/api.w.org\/{rel}","templated":true}]}}