{"id":83,"date":"2025-06-07T17:01:49","date_gmt":"2025-06-07T15:01:49","guid":{"rendered":"https:\/\/hlt-winterthur.ch\/?page_id=83"},"modified":"2025-06-07T17:01:49","modified_gmt":"2025-06-07T15:01:49","slug":"__trashed-2","status":"publish","type":"page","link":"https:\/\/hlt-winterthur.ch\/?page_id=83","title":{"rendered":"Jugendgruppen"},"content":{"rendered":"\n<div class=\"wp-block-columns alignwide is-layout-flex wp-container-core-columns-is-layout-9d6595d7 wp-block-columns-is-layout-flex\">\n<div class=\"wp-block-column is-layout-flow wp-block-column-is-layout-flow\" style=\"flex-basis:100%\">\n<div class=\"alignnormal\"><div id=\"metaslider-id-513\" style=\"width: 100%;\" class=\"ml-slider-3-106-0 metaslider metaslider-flex metaslider-513 ml-slider ms-theme-default-base nav-hidden\" role=\"region\" aria-label=\"jugendgruppen\" data-height=\"400\" data-width=\"711\">\n    <div id=\"metaslider_container_513\">\n        <div id=\"metaslider_513\">\n            <ul class='slides'>\n                <li style=\"display: block; width: 100%;\" class=\"slide-516 ms-image \" aria-roledescription=\"slide\" data-date=\"2025-01-12 10:09:39\" data-filename=\"15293-711x400.jpg\" data-slide-type=\"image\"><img loading=\"lazy\" decoding=\"async\" src=\"https:\/\/hlt-winterthur.ch\/wp-content\/uploads\/2025\/01\/15293-711x400.jpg\" height=\"400\" width=\"711\" alt=\"Designed by Freepik\" class=\"slider-513 slide-516 msDefaultImage\" title=\"15293\" \/><div class=\"caption-wrap\"><div class=\"caption\">designed by freepik<\/div><\/div><\/li>\n                <li style=\"display: none; width: 100%;\" class=\"slide-517 ms-image \" aria-roledescription=\"slide\" data-date=\"2025-01-12 10:09:39\" data-filename=\"nature_youth_young_women_men-1-711x400.jpeg\" data-slide-type=\"image\"><img loading=\"lazy\" decoding=\"async\" src=\"https:\/\/hlt-winterthur.ch\/wp-content\/uploads\/2024\/09\/nature_youth_young_women_men-1-711x400.jpeg\" height=\"400\" width=\"711\" alt=\"\" class=\"slider-513 slide-517 msDefaultImage\" title=\"nature_youth_young_women_men\" \/><\/li>\n                <li style=\"display: none; width: 100%;\" class=\"slide-515 ms-image \" aria-roledescription=\"slide\" data-date=\"2025-01-12 10:09:39\" data-filename=\"youth_outdoor_game-711x400.jpeg\" data-slide-type=\"image\"><img loading=\"lazy\" decoding=\"async\" src=\"https:\/\/hlt-winterthur.ch\/wp-content\/uploads\/2025\/01\/youth_outdoor_game-711x400.jpeg\" height=\"400\" width=\"711\" alt=\"\" class=\"slider-513 slide-515 msDefaultImage\" title=\"youth_outdoor_game\" \/><\/li>\n                <li style=\"display: none; width: 100%;\" class=\"slide-519 ms-image \" aria-roledescription=\"slide\" data-date=\"2025-01-12 10:09:40\" data-filename=\"1000028627-scaled-711x400.jpg\" data-slide-type=\"image\"><img loading=\"lazy\" decoding=\"async\" src=\"https:\/\/hlt-winterthur.ch\/wp-content\/uploads\/2024\/03\/1000028627-scaled-711x400.jpg\" height=\"400\" width=\"711\" alt=\"\" class=\"slider-513 slide-519 msDefaultImage\" title=\"1000028627\" \/><\/li>\n                <li style=\"display: none; width: 100%;\" class=\"slide-514 ms-image \" aria-roledescription=\"slide\" data-date=\"2025-01-12 10:09:39\" data-filename=\"2149306191-711x400.jpg\" data-slide-type=\"image\"><img loading=\"lazy\" decoding=\"async\" src=\"https:\/\/hlt-winterthur.ch\/wp-content\/uploads\/2025\/01\/2149306191-711x400.jpg\" height=\"400\" width=\"711\" alt=\"Designed by Freepik\" class=\"slider-513 slide-514 msDefaultImage\" title=\"2149306191\" \/><div class=\"caption-wrap\"><div class=\"caption\">designed by freepik<\/div><\/div><\/li>\n                <li style=\"display: none; width: 100%;\" class=\"slide-518 ms-image \" aria-roledescription=\"slide\" data-date=\"2025-01-12 10:09:39\" data-filename=\"youth_service_project-scaled-711x400.jpeg\" data-slide-type=\"image\"><img loading=\"lazy\" decoding=\"async\" src=\"https:\/\/hlt-winterthur.ch\/wp-content\/uploads\/2024\/09\/youth_service_project-scaled-711x400.jpeg\" height=\"400\" width=\"711\" alt=\"\" class=\"slider-513 slide-518 msDefaultImage\" title=\"youth_service_project\" \/><\/li>\n            <\/ul>\n        <\/div>\n        \n    <\/div>\n<\/div><\/div>\n<\/div>\n<\/div>\n\n\n\n<h2 class=\"wp-block-heading\">Jugendgruppen<\/h2>\n\n\n\n<p>Unsere Jugendgruppen bieten Jungen und M\u00e4dchen im Alter von 12 bis 17 Jahren die M\u00f6glichkeit, sich in ihrer eigenen Sonntagsschule und bei gemeinsamen Aktivit\u00e4ten auszutauschen und weiterzuentwickeln. Ziel ist es gemeinsam dem Beispiel Jesu nachzufolgen, seine Liebe und Freude zu sp\u00fcren sowie die H\u00fcrden des Lebens mit Optimismus und Mut zu meistern. Einmal in der Woche gibt es coole Treffen, bei denen wir zusammen Sport treiben, an Dienstprojekten teilnehmen, kochen und essen, an Tanzveranstaltungen gehen oder einfach neue F\u00e4higkeiten erlernen. Der Spass kommt dabei sicherlich nicht zu kurz! Sei auch dabei \u2013 wir freuen uns auf dich!<\/p>\n\n\n\n<div class=\"wp-block-columns alignwide is-layout-flex wp-container-core-columns-is-layout-9d6595d7 wp-block-columns-is-layout-flex\">\n<div class=\"wp-block-column is-style-twentytwentyone-latest-posts-dividers is-layout-flow wp-block-column-is-layout-flow\"><ul class=\"wp-block-latest-posts__list is-grid columns-3 has-dates has-author alignwide is-style-default wp-block-latest-posts\"><\/ul><\/div>\n<\/div>\n\n\n\n<div class=\"wp-block-columns is-layout-flex wp-container-core-columns-is-layout-9d6595d7 wp-block-columns-is-layout-flex\">\n<div class=\"wp-block-column is-vertically-aligned-stretch is-layout-flow wp-block-column-is-layout-flow\">\n<p>Hallo, ich bin Vaness und leite die Jungen Damen. Wenn du Fragen hast oder bei unseren Aktivit\u00e4ten mitmachen m\u00f6chtest, schreib mir einfach. Ich freue mich auf deine Nachricht! <br><a href=\"mailto:jd@hlt-winterthur.ch\">jd@hlt-winterthur.ch<\/a><\/p>\n<\/div>\n\n\n\n<div class=\"wp-block-column is-vertically-aligned-center is-layout-flow wp-block-column-is-layout-flow\"><div class=\"wp-block-image is-style-rounded\">\n<figure class=\"alignright size-large is-resized\"><img loading=\"lazy\" decoding=\"async\" width=\"1024\" height=\"683\" src=\"https:\/\/hlt-winterthur.ch\/wp-content\/uploads\/2024\/10\/DSC03876-1024x683.jpg\" alt=\"\" class=\"wp-image-413\" style=\"aspect-ratio:1;object-fit:cover;width:257px;height:auto\" srcset=\"https:\/\/hlt-winterthur.ch\/wp-content\/uploads\/2024\/10\/DSC03876-1024x683.jpg 1024w, https:\/\/hlt-winterthur.ch\/wp-content\/uploads\/2024\/10\/DSC03876-300x200.jpg 300w, https:\/\/hlt-winterthur.ch\/wp-content\/uploads\/2024\/10\/DSC03876-768x512.jpg 768w, https:\/\/hlt-winterthur.ch\/wp-content\/uploads\/2024\/10\/DSC03876-1536x1024.jpg 1536w, https:\/\/hlt-winterthur.ch\/wp-content\/uploads\/2024\/10\/DSC03876-2048x1365.jpg 2048w, https:\/\/hlt-winterthur.ch\/wp-content\/uploads\/2024\/10\/DSC03876-1568x1045.jpg 1568w\" sizes=\"auto, (max-width: 1024px) 100vw, 1024px\" \/><\/figure>\n<\/div><\/div>\n<\/div>\n\n\n\n<div class=\"wp-block-columns is-layout-flex wp-container-core-columns-is-layout-9d6595d7 wp-block-columns-is-layout-flex\">\n<div class=\"wp-block-column is-vertically-aligned-stretch is-layout-flow wp-block-column-is-layout-flow\">\n<p>Hallo, ich bin Mathieu und leite die Jungen M\u00e4nner. Wenn du Fragen hast oder bei unseren Aktivit\u00e4ten mitmachen m\u00f6chtest, schreib mir einfach. Ich freue mich auf deine Nachricht! <br><a href=\"mailto:aek@hlt-winterthur.ch\"> jm@hlt-winterthur.ch<\/a><\/p>\n<\/div>\n\n\n\n<div class=\"wp-block-column is-vertically-aligned-center is-layout-flow wp-block-column-is-layout-flow\"><div class=\"wp-block-image is-style-rounded\">\n<figure class=\"alignright size-large is-resized\"><img loading=\"lazy\" decoding=\"async\" width=\"1024\" height=\"683\" src=\"https:\/\/hlt-winterthur.ch\/wp-content\/uploads\/2024\/10\/DSC03810-1024x683.jpg\" alt=\"\" class=\"wp-image-414\" style=\"aspect-ratio:1;object-fit:cover;width:257px;height:auto\" srcset=\"https:\/\/hlt-winterthur.ch\/wp-content\/uploads\/2024\/10\/DSC03810-1024x683.jpg 1024w, https:\/\/hlt-winterthur.ch\/wp-content\/uploads\/2024\/10\/DSC03810-300x200.jpg 300w, https:\/\/hlt-winterthur.ch\/wp-content\/uploads\/2024\/10\/DSC03810-768x512.jpg 768w, https:\/\/hlt-winterthur.ch\/wp-content\/uploads\/2024\/10\/DSC03810-1536x1024.jpg 1536w, https:\/\/hlt-winterthur.ch\/wp-content\/uploads\/2024\/10\/DSC03810-2048x1365.jpg 2048w, https:\/\/hlt-winterthur.ch\/wp-content\/uploads\/2024\/10\/DSC03810-1568x1045.jpg 1568w\" sizes=\"auto, (max-width: 1024px) 100vw, 1024px\" \/><\/figure>\n<\/div><\/div>\n<\/div>\n","protected":false},"excerpt":{"rendered":"<p>Jugendgruppen Unsere Jugendgruppen bieten Jungen und M\u00e4dchen im Alter von 12 bis 17 Jahren die M\u00f6glichkeit, sich in ihrer eigenen Sonntagsschule und bei gemeinsamen Aktivit\u00e4ten auszutauschen und weiterzuentwickeln. Ziel ist es gemeinsam dem Beispiel Jesu nachzufolgen, seine Liebe und Freude zu sp\u00fcren sowie die H\u00fcrden des Lebens mit Optimismus und Mut zu meistern. Einmal in&hellip; <a class=\"more-link\" href=\"https:\/\/hlt-winterthur.ch\/?page_id=83\">Continue reading <span class=\"screen-reader-text\">Jugendgruppen<\/span><\/a><\/p>\n","protected":false},"author":1,"featured_media":0,"parent":0,"menu_order":0,"comment_status":"closed","ping_status":"closed","template":"","meta":{"footnotes":""},"class_list":["post-83","page","type-page","status-publish","hentry","entry"],"_links":{"self":[{"href":"https:\/\/hlt-winterthur.ch\/index.php?rest_route=\/wp\/v2\/pages\/83","targetHints":{"allow":["GET"]}}],"collection":[{"href":"https:\/\/hlt-winterthur.ch\/index.php?rest_route=\/wp\/v2\/pages"}],"about":[{"href":"https:\/\/hlt-winterthur.ch\/index.php?rest_route=\/wp\/v2\/types\/page"}],"author":[{"embeddable":true,"href":"https:\/\/hlt-winterthur.ch\/index.php?rest_route=\/wp\/v2\/users\/1"}],"replies":[{"embeddable":true,"href":"https:\/\/hlt-winterthur.ch\/index.php?rest_route=%2Fwp%2Fv2%2Fcomments&post=83"}],"version-history":[{"count":25,"href":"https:\/\/hlt-winterthur.ch\/index.php?rest_route=\/wp\/v2\/pages\/83\/revisions"}],"predecessor-version":[{"id":659,"href":"https:\/\/hlt-winterthur.ch\/index.php?rest_route=\/wp\/v2\/pages\/83\/revisions\/659"}],"wp:attachment":[{"href":"https:\/\/hlt-winterthur.ch\/index.php?rest_route=%2Fwp%2Fv2%2Fmedia&parent=83"}],"curies":[{"name":"wp","href":"https:\/\/api.w.org\/{rel}","templated":true}]}}