{"id":84,"date":"2025-06-07T17:01:49","date_gmt":"2025-06-07T15:01:49","guid":{"rendered":"https:\/\/hlt-winterthur.ch\/?page_id=84"},"modified":"2025-06-07T17:01:49","modified_gmt":"2025-06-07T15:01:49","slug":"__trashed-3","status":"publish","type":"page","link":"https:\/\/hlt-winterthur.ch\/?page_id=84","title":{"rendered":"Primarvereinigung"},"content":{"rendered":"\n<div class=\"wp-block-columns alignwide is-layout-flex wp-container-core-columns-is-layout-9d6595d7 wp-block-columns-is-layout-flex\">\n<div class=\"wp-block-column is-layout-flow wp-block-column-is-layout-flow\" style=\"flex-basis:100%\">\n<div class=\"wp-block-group alignwide\"><div class=\"wp-block-group__inner-container is-layout-constrained wp-block-group-is-layout-constrained\">\n<div class=\"wp-block-columns alignwide is-layout-flex wp-container-core-columns-is-layout-9d6595d7 wp-block-columns-is-layout-flex\">\n<div class=\"wp-block-column is-layout-flow wp-block-column-is-layout-flow\" style=\"flex-basis:100%\">\n<div class=\"alignnormal\"><div id=\"metaslider-id-507\" style=\"width: 100%;\" class=\"ml-slider-3-106-0 metaslider metaslider-flex metaslider-507 ml-slider ms-theme-default-base nav-hidden\" role=\"region\" aria-label=\"pv\" data-height=\"400\" data-width=\"711\">\n    <div id=\"metaslider_container_507\">\n        <div id=\"metaslider_507\">\n            <ul class='slides'>\n                <li style=\"display: block; width: 100%;\" class=\"slide-510 ms-image \" aria-roledescription=\"slide\" data-date=\"2025-01-12 10:07:35\" data-filename=\"family_life-711x400.jpeg\" data-slide-type=\"image\"><img loading=\"lazy\" decoding=\"async\" src=\"https:\/\/hlt-winterthur.ch\/wp-content\/uploads\/2024\/03\/family_life-711x400.jpeg\" height=\"400\" width=\"711\" alt=\"\" class=\"slider-507 slide-510 msDefaultImage\" title=\"family_life\" \/><\/li>\n                <li style=\"display: none; width: 100%;\" class=\"slide-508 ms-image \" aria-roledescription=\"slide\" data-date=\"2025-01-12 10:06:59\" data-filename=\"united_way_day_of_caring_2017-scaled-711x400.jpeg\" data-slide-type=\"image\"><img loading=\"lazy\" decoding=\"async\" src=\"https:\/\/hlt-winterthur.ch\/wp-content\/uploads\/2024\/09\/united_way_day_of_caring_2017-scaled-711x400.jpeg\" height=\"400\" width=\"711\" alt=\"\" class=\"slider-507 slide-508 msDefaultImage\" title=\"united_way_day_of_caring_2017\" \/><\/li>\n                <li style=\"display: none; width: 100%;\" class=\"slide-509 ms-image \" aria-roledescription=\"slide\" data-date=\"2025-01-12 10:06:59\" data-filename=\"2148107403-711x400.jpg\" data-slide-type=\"image\"><img loading=\"lazy\" decoding=\"async\" src=\"https:\/\/hlt-winterthur.ch\/wp-content\/uploads\/2025\/01\/2148107403-711x400.jpg\" height=\"400\" width=\"711\" alt=\"Designed by Freepik\" class=\"slider-507 slide-509 msDefaultImage\" title=\"2148107403\" \/><div class=\"caption-wrap\"><div class=\"caption\">designed by freepik<\/div><\/div><\/li>\n            <\/ul>\n        <\/div>\n        \n    <\/div>\n<\/div><\/div>\n<\/div>\n<\/div>\n<\/div><\/div>\n<\/div>\n<\/div>\n\n\n\n<h2 class=\"wp-block-heading\">Primarvereinigung<\/h2>\n\n\n\n<p>Die Primarvereinigung (PV) ist unsere Organisation f\u00fcr Kinder im Alter von 18 Monaten bis 11 Jahren. Hier lernen die ganz Jungen unserer Gemeinde in einer liebevollen Umgebung \u00fcber das Evangelium Jesu durch gemeinsames Singen, Beten und Spielen und nehmen an altersgerechten Aktivit\u00e4ten teil. Eltern \u00fcbernehmen zwar die Hauptrolle in der religi\u00f6sen Erziehung ihrer Kinder, aber die Kirche unterst\u00fctzt euch durch die Primarvereinigung mit lehrreichem Unterricht und spannenden Programmen.<\/p>\n\n\n<ul class=\"wp-block-latest-posts__list is-grid columns-2 has-dates has-author alignwide is-style-default wp-block-latest-posts\"><\/ul>\n\n\n<div class=\"wp-block-group\"><div class=\"wp-block-group__inner-container is-layout-constrained wp-block-group-is-layout-constrained\">\n<div class=\"wp-block-columns is-layout-flex wp-container-core-columns-is-layout-9d6595d7 wp-block-columns-is-layout-flex\">\n<div class=\"wp-block-column is-vertically-aligned-stretch is-layout-flow wp-block-column-is-layout-flow\">\n<p>Hallo, ich bin Heidi und leite die Primarvereinigung. Falls du Fragen hast oder dein Kind bei unseren Aktivit\u00e4ten mitmachen m\u00f6chte, schreib mir einfach. <br>Ich freue mich auf deine Nachricht!<br><a href=\"mailto:pv@hlt-winterthur.ch\">pv@hlt-winterthur.ch<\/a><\/p>\n<\/div>\n\n\n\n<div class=\"wp-block-column is-vertically-aligned-center is-layout-flow wp-block-column-is-layout-flow\"><div class=\"wp-block-image is-style-rounded\">\n<figure class=\"alignright size-large is-resized\"><img loading=\"lazy\" decoding=\"async\" width=\"1024\" height=\"683\" src=\"https:\/\/hlt-winterthur.ch\/wp-content\/uploads\/2024\/10\/DSC03832-1024x683.jpg\" alt=\"\" class=\"wp-image-418\" style=\"aspect-ratio:1;object-fit:cover;width:257px;height:auto\" srcset=\"https:\/\/hlt-winterthur.ch\/wp-content\/uploads\/2024\/10\/DSC03832-1024x683.jpg 1024w, https:\/\/hlt-winterthur.ch\/wp-content\/uploads\/2024\/10\/DSC03832-300x200.jpg 300w, https:\/\/hlt-winterthur.ch\/wp-content\/uploads\/2024\/10\/DSC03832-768x512.jpg 768w, https:\/\/hlt-winterthur.ch\/wp-content\/uploads\/2024\/10\/DSC03832-1536x1024.jpg 1536w, https:\/\/hlt-winterthur.ch\/wp-content\/uploads\/2024\/10\/DSC03832-2048x1365.jpg 2048w, https:\/\/hlt-winterthur.ch\/wp-content\/uploads\/2024\/10\/DSC03832-1568x1045.jpg 1568w\" sizes=\"auto, (max-width: 1024px) 100vw, 1024px\" \/><\/figure>\n<\/div><\/div>\n<\/div>\n<\/div><\/div>\n","protected":false},"excerpt":{"rendered":"<p>Primarvereinigung Die Primarvereinigung (PV) ist unsere Organisation f\u00fcr Kinder im Alter von 18 Monaten bis 11 Jahren. Hier lernen die ganz Jungen unserer Gemeinde in einer liebevollen Umgebung \u00fcber das Evangelium Jesu durch gemeinsames Singen, Beten und Spielen und nehmen an altersgerechten Aktivit\u00e4ten teil. Eltern \u00fcbernehmen zwar die Hauptrolle in der religi\u00f6sen Erziehung ihrer Kinder,&hellip; <a class=\"more-link\" href=\"https:\/\/hlt-winterthur.ch\/?page_id=84\">Continue reading <span class=\"screen-reader-text\">Primarvereinigung<\/span><\/a><\/p>\n","protected":false},"author":1,"featured_media":0,"parent":0,"menu_order":0,"comment_status":"closed","ping_status":"closed","template":"","meta":{"footnotes":""},"class_list":["post-84","page","type-page","status-publish","hentry","entry"],"_links":{"self":[{"href":"https:\/\/hlt-winterthur.ch\/index.php?rest_route=\/wp\/v2\/pages\/84","targetHints":{"allow":["GET"]}}],"collection":[{"href":"https:\/\/hlt-winterthur.ch\/index.php?rest_route=\/wp\/v2\/pages"}],"about":[{"href":"https:\/\/hlt-winterthur.ch\/index.php?rest_route=\/wp\/v2\/types\/page"}],"author":[{"embeddable":true,"href":"https:\/\/hlt-winterthur.ch\/index.php?rest_route=\/wp\/v2\/users\/1"}],"replies":[{"embeddable":true,"href":"https:\/\/hlt-winterthur.ch\/index.php?rest_route=%2Fwp%2Fv2%2Fcomments&post=84"}],"version-history":[{"count":19,"href":"https:\/\/hlt-winterthur.ch\/index.php?rest_route=\/wp\/v2\/pages\/84\/revisions"}],"predecessor-version":[{"id":667,"href":"https:\/\/hlt-winterthur.ch\/index.php?rest_route=\/wp\/v2\/pages\/84\/revisions\/667"}],"wp:attachment":[{"href":"https:\/\/hlt-winterthur.ch\/index.php?rest_route=%2Fwp%2Fv2%2Fmedia&parent=84"}],"curies":[{"name":"wp","href":"https:\/\/api.w.org\/{rel}","templated":true}]}}